{"id":190,"date":"2024-04-14T17:40:21","date_gmt":"2024-04-14T20:40:21","guid":{"rendered":"https:\/\/www.lovatoaquecimento.com.br\/?page_id=190"},"modified":"2024-12-16T11:14:46","modified_gmt":"2024-12-16T14:14:46","slug":"controladores-solares","status":"publish","type":"page","link":"https:\/\/www.lovatoaquecimento.com.br\/?page_id=190","title":{"rendered":"Controladores Solares"},"content":{"rendered":"\n<div class=\"wp-block-media-text alignwide is-stacked-on-mobile\" style=\"grid-template-columns:31% auto\"><figure class=\"wp-block-media-text__media\"><img loading=\"lazy\" decoding=\"async\" width=\"1920\" height=\"1080\" src=\"https:\/\/lovatoaquecimento.com.br\/wp-content\/uploads\/2024\/06\/Controlador-Solar-Wi-fi.png\" alt=\"\" class=\"wp-image-482 size-full\"\/><\/figure><div class=\"wp-block-media-text__content\">\n<h4 class=\"wp-block-heading\">Controlador Solar com Wi-Fi<\/h4>\n\n\n\n<ul class=\"wp-block-list\">\n<li>Possui 3 sensores de temperatura<\/li>\n\n\n\n<li>Monitoramento e acionamento do apoio atrav\u00e9s do aplicativo Smart Life<\/li>\n\n\n\n<li>Programa\u00e7\u00e3o de hor\u00e1rios para apoio a g\u00e1s ou el\u00e9trico<\/li>\n<\/ul>\n<\/div><\/div>\n\n\n\n<div class=\"wp-block-media-text alignwide has-media-on-the-right is-stacked-on-mobile\" style=\"grid-template-columns:auto 22%\"><div class=\"wp-block-media-text__content\">\n<h4 class=\"wp-block-heading\">Controlador Solar Fullgauge Microsol BMP Advanced Connect<\/h4>\n\n\n\n<ul class=\"wp-block-list\">\n<li>Possui 3 sensores de temperatura<\/li>\n\n\n\n<li>Configura\u00e7\u00e3o e monitoramento via NFC<\/li>\n\n\n\n<li>Programa\u00e7\u00e3o de hor\u00e1rios para apoio a g\u00e1s ou el\u00e9trico<\/li>\n<\/ul>\n<\/div><figure class=\"wp-block-media-text__media\"><img loading=\"lazy\" decoding=\"async\" width=\"2376\" height=\"2376\" src=\"https:\/\/lovatoaquecimento.com.br\/wp-content\/uploads\/2024\/12\/Microsol-BMP-Advanced-Connect.png\" alt=\"\" class=\"wp-image-504 size-full\"\/><\/figure><\/div>\n\n\n\n<p><\/p>\n","protected":false},"excerpt":{"rendered":"","protected":false},"author":1,"featured_media":0,"parent":0,"menu_order":0,"comment_status":"closed","ping_status":"closed","template":"","meta":{"_themeisle_gutenberg_block_has_review":false,"_joinchat":[],"footnotes":""},"class_list":["post-190","page","type-page","status-publish","hentry"],"_links":{"self":[{"href":"https:\/\/www.lovatoaquecimento.com.br\/index.php?rest_route=\/wp\/v2\/pages\/190","targetHints":{"allow":["GET"]}}],"collection":[{"href":"https:\/\/www.lovatoaquecimento.com.br\/index.php?rest_route=\/wp\/v2\/pages"}],"about":[{"href":"https:\/\/www.lovatoaquecimento.com.br\/index.php?rest_route=\/wp\/v2\/types\/page"}],"author":[{"embeddable":true,"href":"https:\/\/www.lovatoaquecimento.com.br\/index.php?rest_route=\/wp\/v2\/users\/1"}],"replies":[{"embeddable":true,"href":"https:\/\/www.lovatoaquecimento.com.br\/index.php?rest_route=%2Fwp%2Fv2%2Fcomments&post=190"}],"version-history":[{"count":6,"href":"https:\/\/www.lovatoaquecimento.com.br\/index.php?rest_route=\/wp\/v2\/pages\/190\/revisions"}],"predecessor-version":[{"id":506,"href":"https:\/\/www.lovatoaquecimento.com.br\/index.php?rest_route=\/wp\/v2\/pages\/190\/revisions\/506"}],"wp:attachment":[{"href":"https:\/\/www.lovatoaquecimento.com.br\/index.php?rest_route=%2Fwp%2Fv2%2Fmedia&parent=190"}],"curies":[{"name":"wp","href":"https:\/\/api.w.org\/{rel}","templated":true}]}}