{"id":283,"date":"2024-04-14T20:02:25","date_gmt":"2024-04-14T23:02:25","guid":{"rendered":"https:\/\/www.lovatoaquecimento.com.br\/?page_id=283"},"modified":"2024-04-15T11:13:38","modified_gmt":"2024-04-15T14:13:38","slug":"reservatorios-de-oleo-diesel","status":"publish","type":"page","link":"https:\/\/www.lovatoaquecimento.com.br\/?page_id=283","title":{"rendered":"Reservat\u00f3rios de \u00d3leo Diesel"},"content":{"rendered":"\n<div class=\"wp-block-media-text alignwide is-stacked-on-mobile\" style=\"grid-template-columns:21% auto\"><figure class=\"wp-block-media-text__media\"><img loading=\"lazy\" decoding=\"async\" width=\"779\" height=\"1024\" src=\"https:\/\/lovatoaquecimento.com.br\/wp-content\/uploads\/2024\/04\/reservatorio_500_litros_oleo_diesel_150_1_20200422133508-3-e1713190384915-779x1024.webp\" alt=\"\" class=\"wp-image-286 size-full\" srcset=\"https:\/\/www.lovatoaquecimento.com.br\/wp-content\/uploads\/2024\/04\/reservatorio_500_litros_oleo_diesel_150_1_20200422133508-3-e1713190384915-779x1024.webp 779w, https:\/\/www.lovatoaquecimento.com.br\/wp-content\/uploads\/2024\/04\/reservatorio_500_litros_oleo_diesel_150_1_20200422133508-3-e1713190384915-228x300.webp 228w, https:\/\/www.lovatoaquecimento.com.br\/wp-content\/uploads\/2024\/04\/reservatorio_500_litros_oleo_diesel_150_1_20200422133508-3-e1713190384915-768x1010.webp 768w, https:\/\/www.lovatoaquecimento.com.br\/wp-content\/uploads\/2024\/04\/reservatorio_500_litros_oleo_diesel_150_1_20200422133508-3-e1713190384915.webp 999w\" sizes=\"auto, (max-width: 779px) 100vw, 779px\" \/><\/figure><div class=\"wp-block-media-text__content\">\n<h2 class=\"wp-block-heading\">Reservat\u00f3rio Vertical 300 Litros<\/h2>\n\n\n\n<ul class=\"wp-block-list\">\n<li>Em polipropileno<\/li>\n\n\n\n<li>Possui visor de n\u00edvel<\/li>\n\n\n\n<li>Conex\u00f5es de alimenta\u00e7\u00e3o (1\/2&#8243;), retorno (1\/2&#8243;) e dreno (1&#8243;)<\/li>\n\n\n\n<li>Medidas: 1300 x 650 (A x D)<\/li>\n<\/ul>\n<\/div><\/div>\n\n\n\n<div class=\"wp-block-media-text alignwide has-media-on-the-right is-stacked-on-mobile\" style=\"grid-template-columns:auto 21%\"><div class=\"wp-block-media-text__content\">\n<h2 class=\"wp-block-heading\">Reservat\u00f3rio Vertical 500 Litros<\/h2>\n\n\n\n<ul class=\"wp-block-list\">\n<li>Em polipropileno<\/li>\n\n\n\n<li>Possui visor de n\u00edvel<\/li>\n\n\n\n<li>Conex\u00f5es de alimenta\u00e7\u00e3o (1\/2&#8243;), retorno (1\/2&#8243;) e dreno (1&#8243;)<\/li>\n\n\n\n<li>Medidas: 1450 x 750 (A x D)<\/li>\n<\/ul>\n<\/div><figure class=\"wp-block-media-text__media\"><img loading=\"lazy\" decoding=\"async\" width=\"779\" height=\"1024\" src=\"https:\/\/lovatoaquecimento.com.br\/wp-content\/uploads\/2024\/04\/reservatorio_500_litros_oleo_diesel_150_1_20200422133508-3-e1713190384915-779x1024.webp\" alt=\"\" class=\"wp-image-286 size-full\" srcset=\"https:\/\/www.lovatoaquecimento.com.br\/wp-content\/uploads\/2024\/04\/reservatorio_500_litros_oleo_diesel_150_1_20200422133508-3-e1713190384915-779x1024.webp 779w, https:\/\/www.lovatoaquecimento.com.br\/wp-content\/uploads\/2024\/04\/reservatorio_500_litros_oleo_diesel_150_1_20200422133508-3-e1713190384915-228x300.webp 228w, https:\/\/www.lovatoaquecimento.com.br\/wp-content\/uploads\/2024\/04\/reservatorio_500_litros_oleo_diesel_150_1_20200422133508-3-e1713190384915-768x1010.webp 768w, https:\/\/www.lovatoaquecimento.com.br\/wp-content\/uploads\/2024\/04\/reservatorio_500_litros_oleo_diesel_150_1_20200422133508-3-e1713190384915.webp 999w\" sizes=\"auto, (max-width: 779px) 100vw, 779px\" \/><\/figure><\/div>\n\n\n\n<div class=\"wp-block-media-text alignwide is-stacked-on-mobile\" style=\"grid-template-columns:21% auto\"><figure class=\"wp-block-media-text__media\"><img loading=\"lazy\" decoding=\"async\" width=\"779\" height=\"1024\" src=\"https:\/\/lovatoaquecimento.com.br\/wp-content\/uploads\/2024\/04\/reservatorio_500_litros_oleo_diesel_150_1_20200422133508-3-e1713190384915-779x1024.webp\" alt=\"\" class=\"wp-image-286 size-full\" srcset=\"https:\/\/www.lovatoaquecimento.com.br\/wp-content\/uploads\/2024\/04\/reservatorio_500_litros_oleo_diesel_150_1_20200422133508-3-e1713190384915-779x1024.webp 779w, https:\/\/www.lovatoaquecimento.com.br\/wp-content\/uploads\/2024\/04\/reservatorio_500_litros_oleo_diesel_150_1_20200422133508-3-e1713190384915-228x300.webp 228w, https:\/\/www.lovatoaquecimento.com.br\/wp-content\/uploads\/2024\/04\/reservatorio_500_litros_oleo_diesel_150_1_20200422133508-3-e1713190384915-768x1010.webp 768w, https:\/\/www.lovatoaquecimento.com.br\/wp-content\/uploads\/2024\/04\/reservatorio_500_litros_oleo_diesel_150_1_20200422133508-3-e1713190384915.webp 999w\" sizes=\"auto, (max-width: 779px) 100vw, 779px\" \/><\/figure><div class=\"wp-block-media-text__content\">\n<h2 class=\"wp-block-heading\">Reservat\u00f3rio Vertical 1000 Litros<\/h2>\n\n\n\n<ul class=\"wp-block-list\">\n<li>Em polipropileno<\/li>\n\n\n\n<li>Possui visor de n\u00edvel<\/li>\n\n\n\n<li>Conex\u00f5es de alimenta\u00e7\u00e3o (1\/2&#8243;), retorno (1\/2&#8243;) e dreno (1&#8243;)<\/li>\n\n\n\n<li>Medidas: 1450 x 1060 (A x D)<\/li>\n<\/ul>\n<\/div><\/div>\n","protected":false},"excerpt":{"rendered":"","protected":false},"author":1,"featured_media":0,"parent":0,"menu_order":0,"comment_status":"closed","ping_status":"closed","template":"","meta":{"_themeisle_gutenberg_block_has_review":false,"_joinchat":[],"footnotes":""},"class_list":["post-283","page","type-page","status-publish","hentry"],"_links":{"self":[{"href":"https:\/\/www.lovatoaquecimento.com.br\/index.php?rest_route=\/wp\/v2\/pages\/283","targetHints":{"allow":["GET"]}}],"collection":[{"href":"https:\/\/www.lovatoaquecimento.com.br\/index.php?rest_route=\/wp\/v2\/pages"}],"about":[{"href":"https:\/\/www.lovatoaquecimento.com.br\/index.php?rest_route=\/wp\/v2\/types\/page"}],"author":[{"embeddable":true,"href":"https:\/\/www.lovatoaquecimento.com.br\/index.php?rest_route=\/wp\/v2\/users\/1"}],"replies":[{"embeddable":true,"href":"https:\/\/www.lovatoaquecimento.com.br\/index.php?rest_route=%2Fwp%2Fv2%2Fcomments&post=283"}],"version-history":[{"count":3,"href":"https:\/\/www.lovatoaquecimento.com.br\/index.php?rest_route=\/wp\/v2\/pages\/283\/revisions"}],"predecessor-version":[{"id":303,"href":"https:\/\/www.lovatoaquecimento.com.br\/index.php?rest_route=\/wp\/v2\/pages\/283\/revisions\/303"}],"wp:attachment":[{"href":"https:\/\/www.lovatoaquecimento.com.br\/index.php?rest_route=%2Fwp%2Fv2%2Fmedia&parent=283"}],"curies":[{"name":"wp","href":"https:\/\/api.w.org\/{rel}","templated":true}]}}