{"id":311,"date":"2024-05-09T16:36:32","date_gmt":"2024-05-09T19:36:32","guid":{"rendered":"http:\/\/lovatoaquecimento.com.br\/?page_id=311"},"modified":"2024-05-09T16:55:43","modified_gmt":"2024-05-09T19:55:43","slug":"servicos","status":"publish","type":"page","link":"https:\/\/www.lovatoaquecimento.com.br\/?page_id=311","title":{"rendered":"Servi\u00e7os"},"content":{"rendered":"\n<h3 class=\"wp-block-heading\">\u00c1gua Quente &#8211; Calefa\u00e7\u00e3o &#8211; Piscina T\u00e9rmica<\/h3>\n\n\n\n<p>H\u00e1 mais de 15 anos no mercado, somos especialistas em manuten\u00e7\u00e3o de caldeiras a g\u00e1s, diesel e pellets.<\/p>\n\n\n\n<ul class=\"wp-block-list\">\n<li>Manuten\u00e7\u00e3o corretiva<\/li>\n\n\n\n<li>Manuten\u00e7\u00e3o Preventiva<\/li>\n\n\n\n<li>Automa\u00e7\u00e3o de sistemas de aquecimento<\/li>\n<\/ul>\n\n\n\n<figure class=\"wp-block-gallery has-nested-images columns-6 wp-block-gallery-1 is-layout-flex wp-block-gallery-is-layout-flex\">\n<figure class=\"wp-block-image size-medium\"><img loading=\"lazy\" decoding=\"async\" width=\"300\" height=\"69\" data-id=\"129\" src=\"http:\/\/lovatoaquecimento.com.br\/wp-content\/uploads\/2018\/04\/Logo-Lotte_web-300x69.png\" alt=\"\" class=\"wp-image-129\" srcset=\"https:\/\/www.lovatoaquecimento.com.br\/wp-content\/uploads\/2018\/04\/Logo-Lotte_web-300x69.png 300w, https:\/\/www.lovatoaquecimento.com.br\/wp-content\/uploads\/2018\/04\/Logo-Lotte_web.png 318w\" sizes=\"auto, (max-width: 300px) 100vw, 300px\" \/><\/figure>\n\n\n\n<figure class=\"wp-block-image size-large\"><img loading=\"lazy\" decoding=\"async\" width=\"53\" height=\"70\" data-id=\"133\" src=\"http:\/\/lovatoaquecimento.com.br\/wp-content\/uploads\/2018\/04\/Logo-ACV_web.png\" alt=\"\" class=\"wp-image-133\"\/><\/figure>\n\n\n\n<figure class=\"wp-block-image size-large\"><img loading=\"lazy\" decoding=\"async\" width=\"74\" height=\"78\" data-id=\"114\" src=\"http:\/\/lovatoaquecimento.com.br\/wp-content\/uploads\/2018\/04\/Logo-Rheem.png\" alt=\"\" class=\"wp-image-114\"\/><\/figure>\n\n\n\n<figure class=\"wp-block-image size-medium\"><img loading=\"lazy\" decoding=\"async\" width=\"300\" height=\"130\" data-id=\"130\" src=\"http:\/\/lovatoaquecimento.com.br\/wp-content\/uploads\/2018\/04\/Logo-Ferroli_web-300x130.png\" alt=\"\" class=\"wp-image-130\" srcset=\"https:\/\/www.lovatoaquecimento.com.br\/wp-content\/uploads\/2018\/04\/Logo-Ferroli_web-300x130.png 300w, https:\/\/www.lovatoaquecimento.com.br\/wp-content\/uploads\/2018\/04\/Logo-Ferroli_web.png 727w\" sizes=\"auto, (max-width: 300px) 100vw, 300px\" \/><\/figure>\n\n\n\n<figure class=\"wp-block-image size-full\"><img loading=\"lazy\" decoding=\"async\" width=\"225\" height=\"85\" data-id=\"141\" src=\"http:\/\/lovatoaquecimento.com.br\/wp-content\/uploads\/2018\/04\/Logo-Radiant_web.png\" alt=\"\" class=\"wp-image-141\"\/><\/figure>\n\n\n\n<figure class=\"wp-block-image size-full\"><img loading=\"lazy\" decoding=\"async\" width=\"200\" height=\"75\" data-id=\"140\" src=\"http:\/\/lovatoaquecimento.com.br\/wp-content\/uploads\/2018\/04\/Logo-Riello_web.png\" alt=\"\" class=\"wp-image-140\"\/><\/figure>\n\n\n\n<figure class=\"wp-block-image size-medium\"><img loading=\"lazy\" decoding=\"async\" width=\"300\" height=\"66\" data-id=\"131\" src=\"http:\/\/lovatoaquecimento.com.br\/wp-content\/uploads\/2018\/04\/Logo-Rinnai_web-300x66.png\" alt=\"\" class=\"wp-image-131\" srcset=\"https:\/\/www.lovatoaquecimento.com.br\/wp-content\/uploads\/2018\/04\/Logo-Rinnai_web-300x66.png 300w, https:\/\/www.lovatoaquecimento.com.br\/wp-content\/uploads\/2018\/04\/Logo-Rinnai_web-768x170.png 768w, https:\/\/www.lovatoaquecimento.com.br\/wp-content\/uploads\/2018\/04\/Logo-Rinnai_web.png 891w\" sizes=\"auto, (max-width: 300px) 100vw, 300px\" \/><\/figure>\n\n\n\n<figure class=\"wp-block-image size-medium\"><img loading=\"lazy\" decoding=\"async\" width=\"300\" height=\"157\" data-id=\"117\" src=\"http:\/\/lovatoaquecimento.com.br\/wp-content\/uploads\/2018\/04\/Logo-Ariston-300x157.jpg\" alt=\"\" class=\"wp-image-117\" srcset=\"https:\/\/www.lovatoaquecimento.com.br\/wp-content\/uploads\/2018\/04\/Logo-Ariston-300x157.jpg 300w, https:\/\/www.lovatoaquecimento.com.br\/wp-content\/uploads\/2018\/04\/Logo-Ariston.jpg 500w\" sizes=\"auto, (max-width: 300px) 100vw, 300px\" \/><\/figure>\n\n\n\n<figure class=\"wp-block-image size-medium\"><img loading=\"lazy\" decoding=\"async\" width=\"300\" height=\"84\" data-id=\"137\" src=\"http:\/\/lovatoaquecimento.com.br\/wp-content\/uploads\/2018\/04\/Logo-FBR_web-300x84.png\" alt=\"\" class=\"wp-image-137\" srcset=\"https:\/\/www.lovatoaquecimento.com.br\/wp-content\/uploads\/2018\/04\/Logo-FBR_web-300x84.png 300w, https:\/\/www.lovatoaquecimento.com.br\/wp-content\/uploads\/2018\/04\/Logo-FBR_web.png 556w\" sizes=\"auto, (max-width: 300px) 100vw, 300px\" \/><\/figure>\n\n\n\n<figure class=\"wp-block-image size-medium\"><img loading=\"lazy\" decoding=\"async\" width=\"300\" height=\"78\" data-id=\"138\" src=\"http:\/\/lovatoaquecimento.com.br\/wp-content\/uploads\/2018\/04\/Logo-Cib-Unigas_web-300x78.png\" alt=\"\" class=\"wp-image-138\" srcset=\"https:\/\/www.lovatoaquecimento.com.br\/wp-content\/uploads\/2018\/04\/Logo-Cib-Unigas_web-300x78.png 300w, https:\/\/www.lovatoaquecimento.com.br\/wp-content\/uploads\/2018\/04\/Logo-Cib-Unigas_web.png 335w\" sizes=\"auto, (max-width: 300px) 100vw, 300px\" \/><\/figure>\n\n\n\n<figure class=\"wp-block-image size-large\"><img decoding=\"async\" data-id=\"95\" src=\"http:\/\/lovatoaquecimento.com.br\/wp-content\/uploads\/2018\/04\/Logo-Ariston.png\" alt=\"\" class=\"wp-image-95\"\/><\/figure>\n\n\n\n<figure class=\"wp-block-image size-full\"><img loading=\"lazy\" decoding=\"async\" width=\"180\" height=\"94\" data-id=\"144\" src=\"http:\/\/lovatoaquecimento.com.br\/wp-content\/uploads\/2018\/04\/Logo-Ariston_web.png\" alt=\"\" class=\"wp-image-144\"\/><\/figure>\n\n\n\n<figure class=\"wp-block-image size-full\"><img loading=\"lazy\" decoding=\"async\" width=\"223\" height=\"91\" data-id=\"143\" src=\"http:\/\/lovatoaquecimento.com.br\/wp-content\/uploads\/2018\/04\/Logo-Thermital_web.png\" alt=\"\" class=\"wp-image-143\"\/><\/figure>\n\n\n\n<figure class=\"wp-block-image size-full\"><img loading=\"lazy\" decoding=\"async\" width=\"183\" height=\"66\" data-id=\"134\" src=\"http:\/\/lovatoaquecimento.com.br\/wp-content\/uploads\/2018\/04\/Logo-Auer_web.png\" alt=\"\" class=\"wp-image-134\"\/><\/figure>\n\n\n\n<figure class=\"wp-block-image size-full\"><img loading=\"lazy\" decoding=\"async\" width=\"241\" height=\"76\" data-id=\"135\" src=\"http:\/\/lovatoaquecimento.com.br\/wp-content\/uploads\/2018\/04\/Logo-Baxi_web.png\" alt=\"\" class=\"wp-image-135\"\/><\/figure>\n\n\n\n<figure class=\"wp-block-image size-full\"><img loading=\"lazy\" decoding=\"async\" width=\"251\" height=\"68\" data-id=\"136\" src=\"http:\/\/lovatoaquecimento.com.br\/wp-content\/uploads\/2018\/04\/Logo-Biasi_web.png\" alt=\"\" class=\"wp-image-136\"\/><\/figure>\n\n\n\n<figure class=\"wp-block-image size-medium\"><img loading=\"lazy\" decoding=\"async\" width=\"300\" height=\"47\" data-id=\"139\" src=\"http:\/\/lovatoaquecimento.com.br\/wp-content\/uploads\/2018\/04\/Logo-Bentone_web-300x47.png\" alt=\"\" class=\"wp-image-139\" srcset=\"https:\/\/www.lovatoaquecimento.com.br\/wp-content\/uploads\/2018\/04\/Logo-Bentone_web-300x47.png 300w, https:\/\/www.lovatoaquecimento.com.br\/wp-content\/uploads\/2018\/04\/Logo-Bentone_web-768x121.png 768w, https:\/\/www.lovatoaquecimento.com.br\/wp-content\/uploads\/2018\/04\/Logo-Bentone_web-1024x161.png 1024w, https:\/\/www.lovatoaquecimento.com.br\/wp-content\/uploads\/2018\/04\/Logo-Bentone_web.png 1974w\" sizes=\"auto, (max-width: 300px) 100vw, 300px\" \/><\/figure>\n<\/figure>\n","protected":false},"excerpt":{"rendered":"<p>\u00c1gua Quente &#8211; Calefa\u00e7\u00e3o &#8211; Piscina T\u00e9rmica H\u00e1 mais de 15 anos no mercado, somos especialistas em manuten\u00e7\u00e3o de caldeiras a g\u00e1s, diesel e pellets.<\/p>\n","protected":false},"author":1,"featured_media":0,"parent":0,"menu_order":0,"comment_status":"closed","ping_status":"closed","template":"","meta":{"_themeisle_gutenberg_block_has_review":false,"_joinchat":[],"footnotes":""},"class_list":["post-311","page","type-page","status-publish","hentry"],"_links":{"self":[{"href":"https:\/\/www.lovatoaquecimento.com.br\/index.php?rest_route=\/wp\/v2\/pages\/311","targetHints":{"allow":["GET"]}}],"collection":[{"href":"https:\/\/www.lovatoaquecimento.com.br\/index.php?rest_route=\/wp\/v2\/pages"}],"about":[{"href":"https:\/\/www.lovatoaquecimento.com.br\/index.php?rest_route=\/wp\/v2\/types\/page"}],"author":[{"embeddable":true,"href":"https:\/\/www.lovatoaquecimento.com.br\/index.php?rest_route=\/wp\/v2\/users\/1"}],"replies":[{"embeddable":true,"href":"https:\/\/www.lovatoaquecimento.com.br\/index.php?rest_route=%2Fwp%2Fv2%2Fcomments&post=311"}],"version-history":[{"count":8,"href":"https:\/\/www.lovatoaquecimento.com.br\/index.php?rest_route=\/wp\/v2\/pages\/311\/revisions"}],"predecessor-version":[{"id":327,"href":"https:\/\/www.lovatoaquecimento.com.br\/index.php?rest_route=\/wp\/v2\/pages\/311\/revisions\/327"}],"wp:attachment":[{"href":"https:\/\/www.lovatoaquecimento.com.br\/index.php?rest_route=%2Fwp%2Fv2%2Fmedia&parent=311"}],"curies":[{"name":"wp","href":"https:\/\/api.w.org\/{rel}","templated":true}]}}